{"id":4632,"date":"2026-04-07T10:07:48","date_gmt":"2026-04-07T10:07:48","guid":{"rendered":"https:\/\/aviariovera.com\/?post_type=product&#038;p=4632"},"modified":"2026-04-07T10:08:14","modified_gmt":"2026-04-07T10:08:14","slug":"tapones-para-comederos","status":"publish","type":"product","link":"https:\/\/aviariovera.com\/en\/producto\/tapones-para-comederos\/","title":{"rendered":"TAPONES PARA COMEDEROS"},"content":{"rendered":"<p>Dise\u00f1ados para encajar perfectamente en comederos, ofreciendo un acabado limpio, seguro y profesional. Disponibles en varios colores y con una colocaci\u00f3n r\u00e1pida y sencilla.<\/p>\n","protected":false},"excerpt":{"rendered":"<p>Dise\u00f1ados para encajar a la perfecci\u00f3n en los agujeros de comederos, aportando un acabado limpio, seguro y profesional en tus jaulas.<\/p>\n<p>\u2714\ufe0f Ajuste preciso<br \/>\n\u2714\ufe0f Colocaci\u00f3n r\u00e1pida y c\u00f3moda<br \/>\n\u2714\ufe0f Superficie lisa y est\u00e9tica<br \/>\n\u2714\ufe0f Disponibles en varios colores<\/p>\n","protected":false},"featured_media":4634,"comment_status":"open","ping_status":"closed","template":"","meta":{"_acf_changed":false,"site-sidebar-layout":"default","site-content-layout":"","ast-site-content-layout":"default","site-content-style":"default","site-sidebar-style":"default","ast-global-header-display":"","ast-banner-title-visibility":"","ast-main-header-display":"","ast-hfb-above-header-display":"","ast-hfb-below-header-display":"","ast-hfb-mobile-header-display":"","site-post-title":"","ast-breadcrumbs-content":"","ast-featured-img":"","footer-sml-layout":"","ast-disable-related-posts":"","theme-transparent-header-meta":"default","adv-header-id-meta":"","stick-header-meta":"default","header-above-stick-meta":"","header-main-stick-meta":"","header-below-stick-meta":"","astra-migrate-meta-layouts":"set","ast-page-background-enabled":"default","ast-page-background-meta":{"desktop":{"background-color":"var(--ast-global-color-4)","background-image":"","background-repeat":"repeat","background-position":"center center","background-size":"auto","background-attachment":"scroll","background-type":"","background-media":"","overlay-type":"","overlay-color":"","overlay-opacity":"","overlay-gradient":""},"tablet":{"background-color":"","background-image":"","background-repeat":"repeat","background-position":"center center","background-size":"auto","background-attachment":"scroll","background-type":"","background-media":"","overlay-type":"","overlay-color":"","overlay-opacity":"","overlay-gradient":""},"mobile":{"background-color":"","background-image":"","background-repeat":"repeat","background-position":"center center","background-size":"auto","background-attachment":"scroll","background-type":"","background-media":"","overlay-type":"","overlay-color":"","overlay-opacity":"","overlay-gradient":""}},"ast-content-background-meta":{"desktop":{"background-color":"var(--ast-global-color-5)","background-image":"","background-repeat":"repeat","background-position":"center center","background-size":"auto","background-attachment":"scroll","background-type":"","background-media":"","overlay-type":"","overlay-color":"","overlay-opacity":"","overlay-gradient":""},"tablet":{"background-color":"var(--ast-global-color-5)","background-image":"","background-repeat":"repeat","background-position":"center center","background-size":"auto","background-attachment":"scroll","background-type":"","background-media":"","overlay-type":"","overlay-color":"","overlay-opacity":"","overlay-gradient":""},"mobile":{"background-color":"var(--ast-global-color-5)","background-image":"","background-repeat":"repeat","background-position":"center center","background-size":"auto","background-attachment":"scroll","background-type":"","background-media":"","overlay-type":"","overlay-color":"","overlay-opacity":"","overlay-gradient":""}},"_glsr_average":0,"_glsr_ranking":0,"_glsr_reviews":0,"_joinchat":[]},"product_brand":[],"product_cat":[36],"product_tag":[],"class_list":{"0":"post-4632","1":"product","2":"type-product","3":"status-publish","4":"has-post-thumbnail","6":"product_cat-accesorios-para-pajaros","7":"desktop-align-center","8":"tablet-align-left","9":"mobile-align-left","10":"ast-product-gallery-layout-horizontal-slider","11":"ast-magnify-disabled","12":"ast-product-tabs-layout-horizontal","14":"first","15":"instock","16":"shipping-taxable","17":"purchasable","18":"product-type-simple"},"acf":[],"yoast_head":"<!-- This site is optimized with the Yoast SEO Premium plugin v27.3 (Yoast SEO v27.3) - https:\/\/yoast.com\/product\/yoast-seo-premium-wordpress\/ -->\n<title>TAPONES PARA COMEDEROS - Aviario Vera<\/title>\n<meta name=\"robots\" content=\"index, follow, max-snippet:-1, max-image-preview:large, max-video-preview:-1\" \/>\n<link rel=\"canonical\" href=\"https:\/\/aviariovera.com\/en\/producto\/tapones-para-comederos\/\" \/>\n<meta property=\"og:locale\" content=\"en_US\" \/>\n<meta property=\"og:type\" content=\"article\" \/>\n<meta property=\"og:title\" content=\"TAPONES PARA COMEDEROS\" \/>\n<meta property=\"og:description\" content=\"Dise\u00f1ados para encajar a la perfecci\u00f3n en los agujeros de comederos, aportando un acabado limpio, seguro y profesional en tus jaulas.  \u2714\ufe0f Ajuste preciso \u2714\ufe0f Colocaci\u00f3n r\u00e1pida y c\u00f3moda \u2714\ufe0f Superficie lisa y est\u00e9tica \u2714\ufe0f Disponibles en varios colores\" \/>\n<meta property=\"og:url\" content=\"https:\/\/aviariovera.com\/en\/producto\/tapones-para-comederos\/\" \/>\n<meta property=\"og:site_name\" content=\"Aviario Vera\" \/>\n<meta property=\"article:publisher\" content=\"https:\/\/www.facebook.com\/ErythruraGouldiae\" \/>\n<meta property=\"article:modified_time\" content=\"2026-04-07T10:08:14+00:00\" \/>\n<meta property=\"og:image\" content=\"https:\/\/aviariovera.com\/wp-content\/uploads\/2026\/04\/18.png\" \/>\n\t<meta property=\"og:image:width\" content=\"1080\" \/>\n\t<meta property=\"og:image:height\" content=\"1350\" \/>\n\t<meta property=\"og:image:type\" content=\"image\/png\" \/>\n<meta name=\"twitter:card\" content=\"summary_large_image\" \/>\n<meta name=\"twitter:label1\" content=\"Price\" \/>\n\t<meta name=\"twitter:data1\" content=\"0,50&nbsp;&euro;\" \/>\n\t<meta name=\"twitter:label2\" content=\"Availability\" \/>\n\t<meta name=\"twitter:data2\" content=\"In stock\" \/>\n<script type=\"application\/ld+json\" class=\"yoast-schema-graph\">{\"@context\":\"https:\\\/\\\/schema.org\",\"@graph\":[{\"@type\":\"WebPage\",\"@id\":\"https:\\\/\\\/aviariovera.com\\\/en\\\/producto\\\/tapones-para-comederos\\\/\",\"url\":\"https:\\\/\\\/aviariovera.com\\\/en\\\/producto\\\/tapones-para-comederos\\\/\",\"name\":\"TAPONES PARA COMEDEROS - Aviario Vera\",\"isPartOf\":{\"@id\":\"https:\\\/\\\/aviariovera.com\\\/en\\\/#website\"},\"primaryImageOfPage\":{\"@id\":\"https:\\\/\\\/aviariovera.com\\\/en\\\/producto\\\/tapones-para-comederos\\\/#primaryimage\"},\"image\":{\"@id\":\"https:\\\/\\\/aviariovera.com\\\/en\\\/producto\\\/tapones-para-comederos\\\/#primaryimage\"},\"thumbnailUrl\":\"https:\\\/\\\/aviariovera.com\\\/wp-content\\\/uploads\\\/2026\\\/04\\\/18.png\",\"datePublished\":\"2026-04-07T10:07:48+00:00\",\"dateModified\":\"2026-04-07T10:08:14+00:00\",\"breadcrumb\":{\"@id\":\"https:\\\/\\\/aviariovera.com\\\/en\\\/producto\\\/tapones-para-comederos\\\/#breadcrumb\"},\"inLanguage\":\"en-US\",\"potentialAction\":[{\"@type\":\"ReadAction\",\"target\":[\"https:\\\/\\\/aviariovera.com\\\/en\\\/producto\\\/tapones-para-comederos\\\/\"]}]},{\"@type\":\"ImageObject\",\"inLanguage\":\"en-US\",\"@id\":\"https:\\\/\\\/aviariovera.com\\\/en\\\/producto\\\/tapones-para-comederos\\\/#primaryimage\",\"url\":\"https:\\\/\\\/aviariovera.com\\\/wp-content\\\/uploads\\\/2026\\\/04\\\/18.png\",\"contentUrl\":\"https:\\\/\\\/aviariovera.com\\\/wp-content\\\/uploads\\\/2026\\\/04\\\/18.png\",\"width\":1080,\"height\":1350},{\"@type\":\"BreadcrumbList\",\"@id\":\"https:\\\/\\\/aviariovera.com\\\/en\\\/producto\\\/tapones-para-comederos\\\/#breadcrumb\",\"itemListElement\":[{\"@type\":\"ListItem\",\"position\":1,\"name\":\"Portada\",\"item\":\"https:\\\/\\\/aviariovera.com\\\/en\\\/\"},{\"@type\":\"ListItem\",\"position\":2,\"name\":\"SHOP\",\"item\":\"https:\\\/\\\/aviariovera.com\\\/en\\\/shop\\\/\"},{\"@type\":\"ListItem\",\"position\":3,\"name\":\"TAPONES PARA COMEDEROS\"}]},{\"@type\":\"WebSite\",\"@id\":\"https:\\\/\\\/aviariovera.com\\\/en\\\/#website\",\"url\":\"https:\\\/\\\/aviariovera.com\\\/en\\\/\",\"name\":\"Aviario Vera\",\"description\":\"Nidos Personalizados para diferentes aves\",\"publisher\":{\"@id\":\"https:\\\/\\\/aviariovera.com\\\/en\\\/#organization\"},\"potentialAction\":[{\"@type\":\"SearchAction\",\"target\":{\"@type\":\"EntryPoint\",\"urlTemplate\":\"https:\\\/\\\/aviariovera.com\\\/en\\\/?s={search_term_string}\"},\"query-input\":{\"@type\":\"PropertyValueSpecification\",\"valueRequired\":true,\"valueName\":\"search_term_string\"}}],\"inLanguage\":\"en-US\"},{\"@type\":\"Organization\",\"@id\":\"https:\\\/\\\/aviariovera.com\\\/en\\\/#organization\",\"name\":\"Aviario Vera\",\"url\":\"https:\\\/\\\/aviariovera.com\\\/en\\\/\",\"logo\":{\"@type\":\"ImageObject\",\"inLanguage\":\"en-US\",\"@id\":\"https:\\\/\\\/aviariovera.com\\\/en\\\/#\\\/schema\\\/logo\\\/image\\\/\",\"url\":\"https:\\\/\\\/aviariovera.com\\\/wp-content\\\/uploads\\\/2025\\\/06\\\/Aviario-Vera-Logo-1.svg\",\"contentUrl\":\"https:\\\/\\\/aviariovera.com\\\/wp-content\\\/uploads\\\/2025\\\/06\\\/Aviario-Vera-Logo-1.svg\",\"width\":5986,\"height\":3069,\"caption\":\"Aviario Vera\"},\"image\":{\"@id\":\"https:\\\/\\\/aviariovera.com\\\/en\\\/#\\\/schema\\\/logo\\\/image\\\/\"},\"sameAs\":[\"https:\\\/\\\/www.facebook.com\\\/ErythruraGouldiae\",\"https:\\\/\\\/www.instagram.com\\\/aviariovera\\\/\"]}]}<\/script>\n<meta property=\"product:price:amount\" content=\"0.50\" \/>\n<meta property=\"product:price:currency\" content=\"EUR\" \/>\n<meta property=\"og:availability\" content=\"instock\" \/>\n<meta property=\"product:availability\" content=\"instock\" \/>\n<meta property=\"product:condition\" content=\"new\" \/>\n<!-- \/ Yoast SEO Premium plugin. -->","yoast_head_json":{"title":"TAPONES PARA COMEDEROS - Aviario Vera","robots":{"index":"index","follow":"follow","max-snippet":"max-snippet:-1","max-image-preview":"max-image-preview:large","max-video-preview":"max-video-preview:-1"},"canonical":"https:\/\/aviariovera.com\/en\/producto\/tapones-para-comederos\/","og_locale":"en_US","og_type":"article","og_title":"TAPONES PARA COMEDEROS","og_description":"Dise\u00f1ados para encajar a la perfecci\u00f3n en los agujeros de comederos, aportando un acabado limpio, seguro y profesional en tus jaulas.  \u2714\ufe0f Ajuste preciso \u2714\ufe0f Colocaci\u00f3n r\u00e1pida y c\u00f3moda \u2714\ufe0f Superficie lisa y est\u00e9tica \u2714\ufe0f Disponibles en varios colores","og_url":"https:\/\/aviariovera.com\/en\/producto\/tapones-para-comederos\/","og_site_name":"Aviario Vera","article_publisher":"https:\/\/www.facebook.com\/ErythruraGouldiae","article_modified_time":"2026-04-07T10:08:14+00:00","og_image":[{"width":1080,"height":1350,"url":"https:\/\/aviariovera.com\/wp-content\/uploads\/2026\/04\/18.png","type":"image\/png"}],"twitter_card":"summary_large_image","twitter_misc":{"Price":"0,50&nbsp;&euro;","Availability":"In stock"},"schema":{"@context":"https:\/\/schema.org","@graph":[{"@type":"WebPage","@id":"https:\/\/aviariovera.com\/en\/producto\/tapones-para-comederos\/","url":"https:\/\/aviariovera.com\/en\/producto\/tapones-para-comederos\/","name":"TAPONES PARA COMEDEROS - Aviario Vera","isPartOf":{"@id":"https:\/\/aviariovera.com\/en\/#website"},"primaryImageOfPage":{"@id":"https:\/\/aviariovera.com\/en\/producto\/tapones-para-comederos\/#primaryimage"},"image":{"@id":"https:\/\/aviariovera.com\/en\/producto\/tapones-para-comederos\/#primaryimage"},"thumbnailUrl":"https:\/\/aviariovera.com\/wp-content\/uploads\/2026\/04\/18.png","datePublished":"2026-04-07T10:07:48+00:00","dateModified":"2026-04-07T10:08:14+00:00","breadcrumb":{"@id":"https:\/\/aviariovera.com\/en\/producto\/tapones-para-comederos\/#breadcrumb"},"inLanguage":"en-US","potentialAction":[{"@type":"ReadAction","target":["https:\/\/aviariovera.com\/en\/producto\/tapones-para-comederos\/"]}]},{"@type":"ImageObject","inLanguage":"en-US","@id":"https:\/\/aviariovera.com\/en\/producto\/tapones-para-comederos\/#primaryimage","url":"https:\/\/aviariovera.com\/wp-content\/uploads\/2026\/04\/18.png","contentUrl":"https:\/\/aviariovera.com\/wp-content\/uploads\/2026\/04\/18.png","width":1080,"height":1350},{"@type":"BreadcrumbList","@id":"https:\/\/aviariovera.com\/en\/producto\/tapones-para-comederos\/#breadcrumb","itemListElement":[{"@type":"ListItem","position":1,"name":"Portada","item":"https:\/\/aviariovera.com\/en\/"},{"@type":"ListItem","position":2,"name":"SHOP","item":"https:\/\/aviariovera.com\/en\/shop\/"},{"@type":"ListItem","position":3,"name":"TAPONES PARA COMEDEROS"}]},{"@type":"WebSite","@id":"https:\/\/aviariovera.com\/en\/#website","url":"https:\/\/aviariovera.com\/en\/","name":"Aviario Vera","description":"Nidos Personalizados para diferentes aves","publisher":{"@id":"https:\/\/aviariovera.com\/en\/#organization"},"potentialAction":[{"@type":"SearchAction","target":{"@type":"EntryPoint","urlTemplate":"https:\/\/aviariovera.com\/en\/?s={search_term_string}"},"query-input":{"@type":"PropertyValueSpecification","valueRequired":true,"valueName":"search_term_string"}}],"inLanguage":"en-US"},{"@type":"Organization","@id":"https:\/\/aviariovera.com\/en\/#organization","name":"Aviario Vera","url":"https:\/\/aviariovera.com\/en\/","logo":{"@type":"ImageObject","inLanguage":"en-US","@id":"https:\/\/aviariovera.com\/en\/#\/schema\/logo\/image\/","url":"https:\/\/aviariovera.com\/wp-content\/uploads\/2025\/06\/Aviario-Vera-Logo-1.svg","contentUrl":"https:\/\/aviariovera.com\/wp-content\/uploads\/2025\/06\/Aviario-Vera-Logo-1.svg","width":5986,"height":3069,"caption":"Aviario Vera"},"image":{"@id":"https:\/\/aviariovera.com\/en\/#\/schema\/logo\/image\/"},"sameAs":["https:\/\/www.facebook.com\/ErythruraGouldiae","https:\/\/www.instagram.com\/aviariovera\/"]}]},"product_price_amount":"0.50","product_price_currency":"EUR","og_availability":"instock","product_availability":"instock","product_condition":"new"},"_links":{"self":[{"href":"https:\/\/aviariovera.com\/en\/wp-json\/wp\/v2\/product\/4632","targetHints":{"allow":["GET"]}}],"collection":[{"href":"https:\/\/aviariovera.com\/en\/wp-json\/wp\/v2\/product"}],"about":[{"href":"https:\/\/aviariovera.com\/en\/wp-json\/wp\/v2\/types\/product"}],"replies":[{"embeddable":true,"href":"https:\/\/aviariovera.com\/en\/wp-json\/wp\/v2\/comments?post=4632"}],"version-history":[{"count":2,"href":"https:\/\/aviariovera.com\/en\/wp-json\/wp\/v2\/product\/4632\/revisions"}],"predecessor-version":[{"id":4638,"href":"https:\/\/aviariovera.com\/en\/wp-json\/wp\/v2\/product\/4632\/revisions\/4638"}],"wp:featuredmedia":[{"embeddable":true,"href":"https:\/\/aviariovera.com\/en\/wp-json\/wp\/v2\/media\/4634"}],"wp:attachment":[{"href":"https:\/\/aviariovera.com\/en\/wp-json\/wp\/v2\/media?parent=4632"}],"wp:term":[{"taxonomy":"product_brand","embeddable":true,"href":"https:\/\/aviariovera.com\/en\/wp-json\/wp\/v2\/product_brand?post=4632"},{"taxonomy":"product_cat","embeddable":true,"href":"https:\/\/aviariovera.com\/en\/wp-json\/wp\/v2\/product_cat?post=4632"},{"taxonomy":"product_tag","embeddable":true,"href":"https:\/\/aviariovera.com\/en\/wp-json\/wp\/v2\/product_tag?post=4632"}],"curies":[{"name":"wp","href":"https:\/\/api.w.org\/{rel}","templated":true}]}}